{"id":885,"date":"2025-08-22T10:06:41","date_gmt":"2025-08-22T10:06:41","guid":{"rendered":"https:\/\/ausbildung.gemeindewerke-wendelstein.de\/?page_id=885"},"modified":"2025-08-22T10:17:21","modified_gmt":"2025-08-22T10:17:21","slug":"erklaerung-zur-barrierefreiheit","status":"publish","type":"page","link":"https:\/\/ausbildung.gemeindewerke-wendelstein.de\/?page_id=885","title":{"rendered":"Erkl\u00e4rung zur Barrierefreiheit"},"content":{"rendered":"\t\t<div data-elementor-type=\"wp-page\" data-elementor-id=\"885\" class=\"elementor elementor-885\" data-elementor-post-type=\"page\">\n\t\t\t\t<div class=\"elementor-element elementor-element-eaecfb4 e-flex e-con-boxed e-con e-parent\" data-id=\"eaecfb4\" data-element_type=\"container\" data-settings=\"{&quot;background_background&quot;:&quot;classic&quot;,&quot;jet_parallax_layout_list&quot;:[]}\">\n\t\t\t\t\t<div class=\"e-con-inner\">\n\t\t\t\t<div class=\"elementor-element elementor-element-ee6fad9 elementor-widget elementor-widget-heading\" data-id=\"ee6fad9\" data-element_type=\"widget\" data-widget_type=\"heading.default\">\n\t\t\t\t<div class=\"elementor-widget-container\">\n\t\t\t\t\t<h1 class=\"elementor-heading-title elementor-size-default\">Erkl\u00e4rung zur Barrierefreiheit<\/h1>\t\t\t\t<\/div>\n\t\t\t\t<\/div>\n\t\t\t\t<div class=\"elementor-element elementor-element-8a89905 elementor-widget elementor-widget-text-editor\" data-id=\"8a89905\" data-element_type=\"widget\" data-widget_type=\"text-editor.default\">\n\t\t\t\t<div class=\"elementor-widget-container\">\n\t\t\t\t\t\t\t\t\t<div class=\"elementor-element elementor-element-fea9cb3 elementor-widget elementor-widget-html\" data-id=\"fea9cb3\" data-element_type=\"widget\" data-widget_type=\"html.default\"><div class=\"elementor-widget-container\"><p>Nach \u00a7 2 Satz 1 BayEGovV (basierend auf Art. 7 Abs. 1 (EU) 2016\/2102) ist grunds\u00e4tzlich eine Erkl\u00e4rung zur Barrierefreiheit bereitzustellen und zu ver\u00f6ffentlichen.<\/p><p>Die Durchf\u00fchrungsverordnung (EU) 2018\/1523 stellt hierf\u00fcr in ihrem Anhang ein Muster zur Verf\u00fcgung, auf das an dieser Stelle umfangreich verwiesen wird.<\/p><p>Nachfolgend wurden die Angaben f\u00fcr die Durchsetzungs- und \u00dcberwachungsstelle am Landesamt f\u00fcr Digitalisierung, Breitband und Vermessung bereits eingef\u00fcgt.<\/p><p>Diese Erkl\u00e4rung zur Barrierefreiheit gilt f\u00fcr <a href=\"https:\/\/ausbildung.gemeindewerke-wendelstein.de\">https:\/\/ausbildung.gemeindewerke-wendelstein.de<\/a><\/p><p>Die Gemeindewerke Wendelstein sind bem\u00fcht, ihre Website im Einklang mit der Bayerischen E-Government-Verordnung (BayEGovV) zur Umsetzung der Richtlinie (EU) 2016\/2102 barrierefrei zug\u00e4nglich zu machen.<\/p><p><strong>Stand der Vereinbarkeit mit den Anforderungen der barrierefreien Informationstechnik<\/strong><\/p><p>Diese Website ist wegen der folgenden Ausnahmen teilweise mit der Bayerischen E-Government-Verordnung (BayEGovV) zur Umsetzung der Richtlinie (EU) 2016\/2102 vereinbar.<\/p><br \/><h2>Nicht barrierefreie Inhalte<\/h2><p>Wir bem\u00fchen uns kontinuierlich darum, die Vereinbarkeit unserer Website mit den Anforderungen an die digitale Barrierefreiheit zu verbessern. Diesem Ziel dient auch die M\u00f6glichkeit, uns Feedback zu geben. Die \u00dcberpr\u00fcfung der Einhaltung der Anforderungen beruht auf einer durchgef\u00fchrten Selbstbewertung. Nach dieser Selbstbewertung ist die Website mit den zuvor genannten Anforderungen nicht umfassend vereinbar. Wir arbeiten aktiv daran, weitere Barrieren zu beheben. Die nachstehend aufgef\u00fchrten Inhalte sind derzeit nicht oder nur eingeschr\u00e4nkt barrierefrei:<\/p><ul><li>Teilweise k\u00f6nnen Inhalte von Personen, die blind sind oder schlecht sehen k\u00f6nnen, nicht vollst\u00e4ndig wahrgenommen werden, da beispielsweise Alternativtexte f\u00fcr Bilder fehlen oder unzureichend sind. Auch f\u00fcr Nutzer, die farbenblind sind, sind bestimmte Inhalte aufgrund unzureichender Farbkontraste m\u00f6glicherweise nicht gut erkennbar. Texte sind nicht immer ausreichend gut wahrnehmbar, und die Komplexit\u00e4t von Bildern und Videos, die Textinformationen visualisieren, kann eine Barriere darstellen.<\/li><li>Einige Elemente sind per Tastatur nicht erreichbar und nicht bedienbar, oder es fehlen klare visuelle Fokusindikatoren, die anzeigen, welches Element gerade aktiv ist. Dies erschwert die Navigation f\u00fcr Nutzer, die keine Maus verwenden k\u00f6nnen.<\/li><li>F\u00fcr das Vorlesen durch entsprechende Software und insgesamt die Nutzer assistiver Technologien sind noch Optimierungen n\u00f6tig, da die semantische Struktur nicht immer optimal ist oder das HTML lang-Attribut fehlt. Einige \u00dcberschriften und Texte sind nicht f\u00fcr jeden klar verst\u00e4ndlich, und es werden nicht alle Inhalte alternativ in leichter Sprache angeboten.<\/li><li>Eingebundene Inhalte von Drittanbietern (z.B. Social-Media-Integrationen oder externe Plugins) sind m\u00f6glicherweise nicht vollst\u00e4ndig barrierefrei, worauf wir nur bedingt Einfluss haben.<\/li><\/ul><p>Wir m\u00f6chten darauf hinweisen, dass wir uns fortlaufend um Barrierefreiheit bem\u00fchen. Aufgrund der Menge an Seiten oder menschlicher Fehler kann es vereinzelt zu Problemen kommen. Wir bitten, etwaige Unannehmlichkeiten zu entschuldigen und diese bei uns zu melden.<\/p><h2>Erstellung dieser Erkl\u00e4rung<\/h2><p>Diese Erkl\u00e4rung wurde am 23. Juni 2025 erstellt. Die Bewertung des Barrierefreiheitsstatus der Website erfolgte durch eine Selbstbewertung auf Basis der bereitgestellten Informationen und der Web Content Accessibility Guidelines (WCAG) 2.1 AA.<\/p><h2>Feedback und Kontakt<\/h2><p>Sollten Ihnen M\u00e4ngel in Bezug auf die Barrierefreiheit unserer Website auffallen oder Sie Informationen ben\u00f6tigen, die nicht barrierefrei zug\u00e4nglich sind, k\u00f6nnen Sie uns gerne kontaktieren. Wir sind bestrebt, Ihre Anfragen schnellstm\u00f6glich zu bearbeiten und die Barrierefreiheit unserer Angebote kontinuierlich zu verbessern.<\/p><p>Gemeindewerke Wendelstein KU<br \/>N\u00fcrnberger Stra\u00dfe 5<br \/>D-90530 Wendelstein<\/p><p><strong>Vertreten durch:<\/strong><br \/>Vorstand Matthias Dollinger<\/p><p>Telefon: +49 9129 401-262<br \/>E-Mail: <a class=\"mail\" title=\"\u00d6ffnet das Standard E-Mail Programm und sendet eine E-Mail an Michael.Langner@Wendelstein.de\" rel=\"noopener noreferrer nofollow\">Michael.Langner(@)Wendelstein.de<\/a><strong><br \/><\/strong><\/p><h2>Durchsetzungsverfahren<\/h2><p>Im Rahmen eines Durchsetzungsverfahrens haben Sie die M\u00f6glichkeit, beim Landesamt f\u00fcr Digitalisierung, Breitband und Vermessung online einen Antrag auf Pr\u00fcfung der Einhaltung der Anforderungen an die Barrierefreiheit zu stellen.<\/p><p><strong>Kontaktdaten der Durchsetzungsstelle:<\/strong><br \/>Landesamt f\u00fcr Digitalisierung, Breitband und Vermessung<br \/>IT-Dienstleistungszentrum des Freistaats Bayern<br \/>Durchsetzungs- und \u00dcberwachungsstelle f\u00fcr barrierefreie Informationstechnik<br \/>St.-Martin-Stra\u00dfe 47<br \/>81541 M\u00fcnchen<\/p><p>E-Mail: <a href=\"mailto:bitv@bayern.de\">bitv@bayern.de<\/a><br \/>Internetseite der Durchsetzungs- und \u00dcberwachungsstelle: <a href=\"https:\/\/www.ldbv.bayern.de\/digitalisierung\/bitv.html\" target=\"_blank\" rel=\"noopener noreferrer\">https:\/\/www.ldbv.bayern.de\/digitalisierung\/bitv.html<\/a><\/p><h2>Weitere Informationen:<\/h2><p>Weitere Informationen zum Thema Barrierefreiheit in der Informationstechnik finden Sie auch auf der Website der Bundesfachstelle f\u00fcr Barrierefreiheit, abrufbar unter:<br \/><a href=\"https:\/\/www.bundesfachstelle-barrierefreiheit.de\/DE\/Fachwissen\/Informationstechnik\/informationstechnik_node.html\" target=\"_blank\" rel=\"noopener noreferrer\">https:\/\/www.bundesfachstelle-barrierefreiheit.de\/DE\/Fachwissen\/Informationstechnik\/informationstechnik_node.html<\/a>.<\/p><p>Datum der letzten Aktualisierung: 23. Juni 2025<\/p><\/div><\/div>\t\t\t\t\t\t\t\t<\/div>\n\t\t\t\t<\/div>\n\t\t\t\t\t<\/div>\n\t\t\t\t<\/div>\n\t\t\t\t<\/div>\n\t\t","protected":false},"excerpt":{"rendered":"<p>Erkl\u00e4rung zur Barrierefreiheit Nach \u00a7 2 Satz 1 BayEGovV (basierend auf Art. 7 Abs. 1 (EU) 2016\/2102) ist grunds\u00e4tzlich eine Erkl\u00e4rung zur Barrierefreiheit bereitzustellen und zu ver\u00f6ffentlichen. Die Durchf\u00fchrungsverordnung (EU) 2018\/1523 stellt hierf\u00fcr in ihrem Anhang ein Muster zur Verf\u00fcgung, auf das an dieser Stelle umfangreich verwiesen wird. Nachfolgend wurden die Angaben f\u00fcr die Durchsetzungs- [&hellip;]<\/p>\n","protected":false},"author":1,"featured_media":0,"parent":0,"menu_order":0,"comment_status":"closed","ping_status":"closed","template":"","meta":{"footnotes":""},"class_list":["post-885","page","type-page","status-publish","hentry"],"_links":{"self":[{"href":"https:\/\/ausbildung.gemeindewerke-wendelstein.de\/index.php?rest_route=\/wp\/v2\/pages\/885","targetHints":{"allow":["GET"]}}],"collection":[{"href":"https:\/\/ausbildung.gemeindewerke-wendelstein.de\/index.php?rest_route=\/wp\/v2\/pages"}],"about":[{"href":"https:\/\/ausbildung.gemeindewerke-wendelstein.de\/index.php?rest_route=\/wp\/v2\/types\/page"}],"author":[{"embeddable":true,"href":"https:\/\/ausbildung.gemeindewerke-wendelstein.de\/index.php?rest_route=\/wp\/v2\/users\/1"}],"replies":[{"embeddable":true,"href":"https:\/\/ausbildung.gemeindewerke-wendelstein.de\/index.php?rest_route=%2Fwp%2Fv2%2Fcomments&post=885"}],"version-history":[{"count":4,"href":"https:\/\/ausbildung.gemeindewerke-wendelstein.de\/index.php?rest_route=\/wp\/v2\/pages\/885\/revisions"}],"predecessor-version":[{"id":891,"href":"https:\/\/ausbildung.gemeindewerke-wendelstein.de\/index.php?rest_route=\/wp\/v2\/pages\/885\/revisions\/891"}],"wp:attachment":[{"href":"https:\/\/ausbildung.gemeindewerke-wendelstein.de\/index.php?rest_route=%2Fwp%2Fv2%2Fmedia&parent=885"}],"curies":[{"name":"wp","href":"https:\/\/api.w.org\/{rel}","templated":true}]}}